
{"id":30,"date":"2015-04-09T10:44:27","date_gmt":"2015-04-09T08:44:27","guid":{"rendered":"http:\/\/marche-steinseltz.fr\/?page_id=30"},"modified":"2016-01-13T18:25:01","modified_gmt":"2016-01-13T17:25:01","slug":"associations","status":"publish","type":"page","link":"https:\/\/www.marche-steinseltz.fr\/?page_id=30","title":{"rendered":"Associations"},"content":{"rendered":"<p><strong><a href=\"http:\/\/marche-steinseltz.fr\/wp-content\/uploads\/2015\/04\/IMG_0491.jpg\"><img loading=\"lazy\" decoding=\"async\" class=\" size-medium wp-image-151 alignright\" src=\"http:\/\/marche-steinseltz.fr\/wp-content\/uploads\/2015\/04\/IMG_0491-300x200.jpg\" alt=\"IMG_0491\" width=\"300\" height=\"200\" srcset=\"https:\/\/www.marche-steinseltz.fr\/wp-content\/uploads\/2015\/04\/IMG_0491-300x200.jpg 300w, https:\/\/www.marche-steinseltz.fr\/wp-content\/uploads\/2015\/04\/IMG_0491-1024x683.jpg 1024w, https:\/\/www.marche-steinseltz.fr\/wp-content\/uploads\/2015\/04\/IMG_0491.jpg 1200w\" sizes=\"auto, (max-width: 300px) 100vw, 300px\" \/><\/a><span style=\"font-family: tahoma, arial, helvetica, sans-serif;\">\u00ab\u00a0Boutique du monde\u00a0\u00bb<\/span><\/strong><br \/>\n<span style=\"font-family: tahoma, arial, helvetica, sans-serif;\"> 1 rue Meyer, 67500 Haguenau<\/span><br \/>\n<span style=\"font-family: tahoma, arial, helvetica, sans-serif;\"> Tel\u00a0: 03 88 93 63 47<\/span><br \/>\n<span style=\"font-family: tahoma, arial, helvetica, sans-serif;\"> Mail\u00a0: abdm-haguenau@orange.fr<\/span><br \/>\n<span style=\"font-family: tahoma, arial, helvetica, sans-serif;\"> <a href=\"http:\/\/commerceequitableha.free.fr\" target=\"_blank\">commerceequitableha.free.fr<\/a><\/span><br \/>\n<span style=\"font-family: tahoma, arial, helvetica, sans-serif; color: #800080; font-size: 12pt;\"> <strong><em>Produits du commerce \u00e9quitable\u00a0: Chocolat, th\u00e9, caf\u00e9, riz, sucre artisanat africain, asiatique, am\u00e9rique latine<\/em><\/strong><\/span><\/p>\n<hr \/>\n<p><span style=\"font-family: tahoma, arial, helvetica, sans-serif;\"><strong>\u00ab\u00a0Pour un autre monde\u00a0\u00bb<\/strong><a href=\"http:\/\/marche-steinseltz.fr\/wp-content\/uploads\/2015\/06\/photo-PehiVerny.jpg\"><img loading=\"lazy\" decoding=\"async\" class=\"alignright wp-image-230\" src=\"http:\/\/marche-steinseltz.fr\/wp-content\/uploads\/2015\/06\/photo-PehiVerny-225x300.jpg\" alt=\"photo-PehiVerny\" width=\"191\" height=\"254\" srcset=\"https:\/\/www.marche-steinseltz.fr\/wp-content\/uploads\/2015\/06\/photo-PehiVerny-225x300.jpg 225w, https:\/\/www.marche-steinseltz.fr\/wp-content\/uploads\/2015\/06\/photo-PehiVerny.jpg 600w\" sizes=\"auto, (max-width: 191px) 100vw, 191px\" \/><\/a><\/span><br \/>\n<span style=\"font-family: tahoma, arial, helvetica, sans-serif;\"> s\/c Claire Pehi Verny, 2A Rue de la Chaine, 67160 Wissembourg<\/span><br \/>\n<span style=\"font-family: tahoma, arial, helvetica, sans-serif;\"> Tel\u00a0: 06 15 71 66 18<\/span><br \/>\n<span style=\"font-family: tahoma, arial, helvetica, sans-serif;\"> Mail\u00a0: contact@pourunautremonde.org<\/span><br \/>\n<a href=\"http:\/\/www.pourunautremonde.org\" target=\"_blank\">www.pourunautremonde.org<\/a><br \/>\nFB\/association pour un autre monde<br \/>\n<span style=\"color: #800080; font-size: 14pt;\"><strong><em>Artisanat burkinab\u00e9<\/em><\/strong><\/span><\/p>\n<p>&nbsp;<\/p>\n<p>&nbsp;<\/p>\n<hr \/>\n<p>&nbsp;<\/p>\n<p><span style=\"font-family: tahoma, arial, helvetica, sans-serif;\"><strong>LPO (Ligue Protection des Oiseaux)<\/strong><a href=\"http:\/\/marche-steinseltz.fr\/wp-content\/uploads\/2015\/04\/IMG_9982.jpg\"><img loading=\"lazy\" decoding=\"async\" class=\" size-medium wp-image-149 alignright\" src=\"http:\/\/marche-steinseltz.fr\/wp-content\/uploads\/2015\/04\/IMG_9982-300x200.jpg\" alt=\"IMG_9982\" width=\"300\" height=\"200\" srcset=\"https:\/\/www.marche-steinseltz.fr\/wp-content\/uploads\/2015\/04\/IMG_9982-300x200.jpg 300w, https:\/\/www.marche-steinseltz.fr\/wp-content\/uploads\/2015\/04\/IMG_9982-1024x683.jpg 1024w, https:\/\/www.marche-steinseltz.fr\/wp-content\/uploads\/2015\/04\/IMG_9982.jpg 1200w\" sizes=\"auto, (max-width: 300px) 100vw, 300px\" \/><\/a><\/span><br \/>\n<span style=\"font-family: tahoma, arial, helvetica, sans-serif;\"> Groupe Wissembourg et environs<\/span><br \/>\n<span style=\"font-family: tahoma, arial, helvetica, sans-serif;\"> 3 rue des Jardins, 67160 Wissmbourg<\/span><br \/>\n<span style=\"font-family: tahoma, arial, helvetica, sans-serif;\"> Tel\u00a0: 03 23 38 15 01<\/span><br \/>\n<span style=\"font-family: tahoma, arial, helvetica, sans-serif;\"> Mail\u00a0: Hevhelbing@lpo.fr<\/span><br \/>\n<span style=\"font-family: tahoma, arial, helvetica, sans-serif;\"> <a href=\"http:\/\/www.lpo.fr\" target=\"_blank\">www.lpo.fr<\/a><\/span><br \/>\n<span style=\"font-family: tahoma, arial, helvetica, sans-serif;\"> Produits\u00a0: promotion et vente des produits de la botanique LPO<\/span><\/p>\n","protected":false},"excerpt":{"rendered":"<p>\u00ab\u00a0Boutique du monde\u00a0\u00bb 1 rue Meyer, 67500 Haguenau Tel\u00a0: 03 88 93 63 47 Mail\u00a0: abdm-haguenau@orange.fr commerceequitableha.free.fr Produits du commerce \u00e9quitable\u00a0: Chocolat, th\u00e9, caf\u00e9, riz, sucre artisanat africain, asiatique, am\u00e9rique latine \u00ab\u00a0Pour un autre monde\u00a0\u00bb s\/c Claire Pehi Verny, 2A Rue de la Chaine, 67160 Wissembourg Tel\u00a0: 06 15 71 66 18 Mail\u00a0: contact@pourunautremonde.org www.pourunautremonde.org &hellip; <a href=\"https:\/\/www.marche-steinseltz.fr\/?page_id=30\" class=\"more-link\">Continuer la lecture de <span class=\"screen-reader-text\">Associations<\/span> <span class=\"meta-nav\">&rarr;<\/span><\/a><\/p>\n","protected":false},"author":1,"featured_media":0,"parent":0,"menu_order":0,"comment_status":"closed","ping_status":"open","template":"","meta":{"footnotes":""},"class_list":["post-30","page","type-page","status-publish","hentry"],"_links":{"self":[{"href":"https:\/\/www.marche-steinseltz.fr\/index.php?rest_route=\/wp\/v2\/pages\/30","targetHints":{"allow":["GET"]}}],"collection":[{"href":"https:\/\/www.marche-steinseltz.fr\/index.php?rest_route=\/wp\/v2\/pages"}],"about":[{"href":"https:\/\/www.marche-steinseltz.fr\/index.php?rest_route=\/wp\/v2\/types\/page"}],"author":[{"embeddable":true,"href":"https:\/\/www.marche-steinseltz.fr\/index.php?rest_route=\/wp\/v2\/users\/1"}],"replies":[{"embeddable":true,"href":"https:\/\/www.marche-steinseltz.fr\/index.php?rest_route=%2Fwp%2Fv2%2Fcomments&post=30"}],"version-history":[{"count":15,"href":"https:\/\/www.marche-steinseltz.fr\/index.php?rest_route=\/wp\/v2\/pages\/30\/revisions"}],"predecessor-version":[{"id":461,"href":"https:\/\/www.marche-steinseltz.fr\/index.php?rest_route=\/wp\/v2\/pages\/30\/revisions\/461"}],"wp:attachment":[{"href":"https:\/\/www.marche-steinseltz.fr\/index.php?rest_route=%2Fwp%2Fv2%2Fmedia&parent=30"}],"curies":[{"name":"wp","href":"https:\/\/api.w.org\/{rel}","templated":true}]}}