
{"id":397,"date":"2015-11-28T16:48:12","date_gmt":"2015-11-28T15:48:12","guid":{"rendered":"http:\/\/marche-steinseltz.fr\/?page_id=397"},"modified":"2020-04-23T10:36:47","modified_gmt":"2020-04-23T08:36:47","slug":"pains-et-farines","status":"publish","type":"page","link":"https:\/\/www.marche-steinseltz.fr\/?page_id=397","title":{"rendered":"Pains et farines"},"content":{"rendered":"<p><span style=\"font-family: tahoma, arial, helvetica, sans-serif;\"><strong><span style=\"font-size: 14pt;\"><span style=\"font-size: 18pt;\">La ferme aux 7 grains<\/span>, Daniel Starck<\/span><\/strong><\/span><\/p>\n<p><span style=\"font-family: tahoma, arial, helvetica, sans-serif;\">1, rue de la p\u00e9pini\u00e8re<img loading=\"lazy\" decoding=\"async\" class=\"wp-image-380 alignright\" src=\"https:\/\/marche-steinseltz.fr\/wp-content\/uploads\/2015\/04\/Daniel-STARCK-300x300.jpg\" alt=\"Daniel STARCK\" width=\"230\" height=\"230\" srcset=\"https:\/\/www.marche-steinseltz.fr\/wp-content\/uploads\/2015\/04\/Daniel-STARCK-300x300.jpg 300w, https:\/\/www.marche-steinseltz.fr\/wp-content\/uploads\/2015\/04\/Daniel-STARCK-150x150.jpg 150w, https:\/\/www.marche-steinseltz.fr\/wp-content\/uploads\/2015\/04\/Daniel-STARCK-1024x1024.jpg 1024w\" sizes=\"auto, (max-width: 230px) 100vw, 230px\" \/><\/span><br \/>\n<span style=\"font-family: tahoma, arial, helvetica, sans-serif;\"> 67160 Wissembourg<\/span><br \/>\n<span style=\"font-family: tahoma, arial, helvetica, sans-serif;\"> Tel&nbsp;: 03 88 54 84 04<img loading=\"lazy\" decoding=\"async\" class=\"alignright\" src=\"https:\/\/marche-steinseltz.fr\/wp-content\/uploads\/2015\/04\/logo-europeen-80.jpg\" alt=\"logo-europeen-80\" width=\"80\" height=\"54\"><\/span><br \/>\n<span style=\"font-family: tahoma, arial, helvetica, sans-serif;\"> <a href=\"mailto:contact@lafermeauxseptgrains.com\">contact@lafermeauxseptgrains.com<\/a><\/span><\/p>\n<p><span style=\"color: #993300; font-size: 12pt; font-family: tahoma, arial, helvetica, sans-serif;\"><em><strong>Pains au levain cuit au feu de bois<\/strong><\/em><\/span><br \/>\n<span style=\"color: #993300; font-size: 12pt; font-family: tahoma, arial, helvetica, sans-serif;\"> <em><strong>farines bio de bl\u00e9, \u00e9peautre, seigle, petit \u00e9peautre, bl\u00e9 rouge d\u2019Alsace.<\/strong><\/em><\/span><img loading=\"lazy\" decoding=\"async\" class=\"aligncenter\" src=\"https:\/\/marche-steinseltz.fr\/wp-content\/uploads\/2015\/04\/IMG_0639-300x200.jpg\" alt=\"IMG_0639\" width=\"335\" height=\"224\"><\/p>\n<h4><span style=\"text-decoration: underline; font-size: 18pt;\"><span style=\"color: #993300; text-decoration: underline;\">Pains, farines:<\/span><\/span><\/h4>\n<p><span style=\"font-family: tahoma, arial, helvetica, sans-serif;\"><span style=\"font-size: 14pt;\"><strong>\u00ab <span style=\"font-size: 18pt;\">Le m<\/span><span style=\"font-size: 18pt;\">oulin Waldm\u00fchle\u00a0\u00bb<\/span>&nbsp;&#8211; &nbsp; Remi Jung<\/strong><\/span><a href=\"https:\/\/marche-steinseltz.fr\/wp-content\/uploads\/2015\/04\/IMG_0689.jpg\"><img loading=\"lazy\" decoding=\"async\" class=\" alignright\" src=\"https:\/\/marche-steinseltz.fr\/wp-content\/uploads\/2015\/04\/IMG_0689-300x200.jpg\" alt=\"IMG_0689\" width=\"338\" height=\"225\"><\/a><\/span><\/p>\n<p><span style=\"font-family: tahoma, arial, helvetica, sans-serif;\"><span style=\"line-height: 1.5;\">13 rue de la for\u00eat<br \/>\n<\/span> 67250 Hoffen<\/span><br \/>\n<span style=\"font-family: tahoma, arial, helvetica, sans-serif;\"> Tel&nbsp;: 03 88 54 61 59<\/span><br \/>\n<span style=\"font-family: tahoma, arial, helvetica, sans-serif;\"> 06 62 49 29 45<\/span><br \/>\n<span style=\"font-family: tahoma, arial, helvetica, sans-serif;\"> <a href=\"mailto:remi.jung@wanadoo.fr\">remi.jung@wanadoo.fr<\/a><\/span><\/p>\n<p><span style=\"font-size: 12pt; color: #993300; font-family: tahoma, arial, helvetica, sans-serif;\"><em><strong>Farines de bl\u00e9, \u00e9peautre, petit \u00e9peautre, seigle, grains et flocons<\/strong><\/em><\/span><\/p>\n<p><a href=\"https:\/\/marche-steinseltz.fr\/wp-content\/uploads\/2015\/06\/IMG_9879c.jpg\"><img loading=\"lazy\" decoding=\"async\" class=\"alignnone size-thumbnail wp-image-246\" src=\"https:\/\/marche-steinseltz.fr\/wp-content\/uploads\/2015\/06\/IMG_9879c-150x150.jpg\" alt=\"IMG_9879c\" width=\"150\" height=\"150\"><\/a> <a href=\"https:\/\/marche-steinseltz.fr\/wp-content\/uploads\/2015\/06\/IMG_0219c.jpg\"><img loading=\"lazy\" decoding=\"async\" class=\"alignnone size-thumbnail wp-image-245\" src=\"https:\/\/marche-steinseltz.fr\/wp-content\/uploads\/2015\/06\/IMG_0219c-150x150.jpg\" alt=\"IMG_0219c\" width=\"150\" height=\"150\"><\/a> <a href=\"https:\/\/marche-steinseltz.fr\/wp-content\/uploads\/2015\/06\/IMG_0051c.jpg\"><img loading=\"lazy\" decoding=\"async\" class=\" wp-image-242 alignnone\" src=\"https:\/\/marche-steinseltz.fr\/wp-content\/uploads\/2015\/06\/IMG_0051c-150x150.jpg\" alt=\"IMG_0051c\" width=\"154\" height=\"154\"><\/a><\/p>\n<p><span style=\"font-family: tahoma, arial, helvetica, sans-serif;\"><span style=\"font-size: 18pt;\"><strong>La ferme Faust,&nbsp;<\/strong><\/span><strong><span style=\"font-size: 14pt;\">H\u00e9l\u00e8ne Faust et Daniel Hoeltzel<\/span><br \/>\n<\/strong><\/span><\/p>\n<p><span style=\"font-family: tahoma, arial, helvetica, sans-serif;\">rue des Pr\u00e9s<\/span><br \/>\n<span style=\"font-family: tahoma, arial, helvetica, sans-serif;\"> 67690 HATTEN<a href=\"https:\/\/marche-steinseltz.fr\/wp-content\/uploads\/2015\/04\/IMG_0402.jpg\"><img loading=\"lazy\" decoding=\"async\" class=\"size-medium wp-image-348 alignright\" src=\"https:\/\/marche-steinseltz.fr\/wp-content\/uploads\/2015\/04\/IMG_0402-300x200.jpg\" alt=\"IMG_0402\" width=\"300\" height=\"200\" srcset=\"https:\/\/www.marche-steinseltz.fr\/wp-content\/uploads\/2015\/04\/IMG_0402-300x200.jpg 300w, https:\/\/www.marche-steinseltz.fr\/wp-content\/uploads\/2015\/04\/IMG_0402-1024x683.jpg 1024w\" sizes=\"auto, (max-width: 300px) 100vw, 300px\" \/><\/a><\/span><br \/>\n<span style=\"font-family: tahoma, arial, helvetica, sans-serif;\"> T\u00e9l. 03 90 55 19 48<\/span><br \/>\n<span style=\"font-family: tahoma, arial, helvetica, sans-serif;\"> Mail : <a href=\"mailto:h.faust@cegetel.net\">h.faust@cegetel.net<\/a><\/span><\/p>\n<p><span style=\"color: #993300; font-size: 12pt; font-family: tahoma, arial, helvetica, sans-serif;\"><em><strong>Pain au levain et viennoiseries, viande de porc en conserves, p\u00e2tes, tartes flamb\u00e9es.<\/strong><\/em><\/span><br \/>\n<span style=\"font-family: tahoma, arial, helvetica, sans-serif;\"> <em><strong> <a href=\"https:\/\/marche-steinseltz.fr\/wp-content\/uploads\/2015\/04\/logo-europeen-80.jpg\"><img loading=\"lazy\" decoding=\"async\" class=\"alignnone size-full wp-image-121\" src=\"https:\/\/marche-steinseltz.fr\/wp-content\/uploads\/2015\/04\/logo-europeen-80.jpg\" alt=\"logo-europeen-80\" width=\"80\" height=\"54\"><\/a><\/strong><\/em><\/span><\/p>\n","protected":false},"excerpt":{"rendered":"<p>La ferme aux 7 grains, Daniel Starck 1, rue de la p\u00e9pini\u00e8re 67160 Wissembourg Tel&nbsp;: 03 88 54 84 04 contact@lafermeauxseptgrains.com Pains au levain cuit au feu de bois farines bio de bl\u00e9, \u00e9peautre, seigle, petit \u00e9peautre, bl\u00e9 rouge d\u2019Alsace. Pains, farines: \u00ab Le moulin Waldm\u00fchle\u00a0\u00bb&nbsp;&#8211; &nbsp; Remi Jung 13 rue de la for\u00eat 67250 &hellip; <a href=\"https:\/\/www.marche-steinseltz.fr\/?page_id=397\" class=\"more-link\">Continuer la lecture de <span class=\"screen-reader-text\">Pains et farines<\/span> <span class=\"meta-nav\">&rarr;<\/span><\/a><\/p>\n","protected":false},"author":2,"featured_media":0,"parent":0,"menu_order":0,"comment_status":"closed","ping_status":"closed","template":"","meta":{"footnotes":""},"class_list":["post-397","page","type-page","status-publish","hentry"],"_links":{"self":[{"href":"https:\/\/www.marche-steinseltz.fr\/index.php?rest_route=\/wp\/v2\/pages\/397","targetHints":{"allow":["GET"]}}],"collection":[{"href":"https:\/\/www.marche-steinseltz.fr\/index.php?rest_route=\/wp\/v2\/pages"}],"about":[{"href":"https:\/\/www.marche-steinseltz.fr\/index.php?rest_route=\/wp\/v2\/types\/page"}],"author":[{"embeddable":true,"href":"https:\/\/www.marche-steinseltz.fr\/index.php?rest_route=\/wp\/v2\/users\/2"}],"replies":[{"embeddable":true,"href":"https:\/\/www.marche-steinseltz.fr\/index.php?rest_route=%2Fwp%2Fv2%2Fcomments&post=397"}],"version-history":[{"count":2,"href":"https:\/\/www.marche-steinseltz.fr\/index.php?rest_route=\/wp\/v2\/pages\/397\/revisions"}],"predecessor-version":[{"id":759,"href":"https:\/\/www.marche-steinseltz.fr\/index.php?rest_route=\/wp\/v2\/pages\/397\/revisions\/759"}],"wp:attachment":[{"href":"https:\/\/www.marche-steinseltz.fr\/index.php?rest_route=%2Fwp%2Fv2%2Fmedia&parent=397"}],"curies":[{"name":"wp","href":"https:\/\/api.w.org\/{rel}","templated":true}]}}